{"id":199,"date":"2019-01-08T19:29:05","date_gmt":"2019-01-08T19:29:05","guid":{"rendered":"http:\/\/xn--hundesportverein-mllheim-dtc.de\/?page_id=199"},"modified":"2019-01-15T17:18:03","modified_gmt":"2019-01-15T17:18:03","slug":"begleithundepruefung","status":"publish","type":"page","link":"https:\/\/xn--hundesportverein-mllheim-dtc.de\/index.php\/begleithundepruefung\/","title":{"rendered":"Begleithundepr\u00fcfung"},"content":{"rendered":"\n<p>Die Begleitthunde-Pr\u00fcfung ist vorraussetzung f\u00fcr alle anderen Pr\u00fcfungen im Gebrauchshundesport sowie weiterer Pr\u00fcfungen im Hundesport.<br>\nDie Begleithundepr\u00fcfung kann fr\u00fchesten ab einem Hundealter von 15 Monaten abgelegt werden.<\/p>\n\n\n\n<p>Die Pr\u00fcfung unterteilt sich in 3 Teile:<\/p>\n\n\n\n<p>1.Theoretischer Teil: <br>\nHier wird Basiswissen zum Hund- zur Hundeausbildung abgefragt um die erforderliche Sachkunde nachzuweisen.<\/p>\n\n\n\n<p>2.Unterordnung:  <br>\nEs muss ein bestimmtes Schema mit und ohne Leine gelaufen werden, w\u00e4hrendessen bestimmte \u00dcbungen- und Kommandos zu zeigen sind.<\/p>\n\n\n\n<p>3.Verkehrstechnischer Teil:  <br> Dieser Teil findet ausserhalb des \u00dcbungsplatzen statt.  Der Hund wird auf seine Verkehrstauglichkeit und auf seine Unbefangenheit gegen\u00fcber Artgenossen, Menschen und Fahrzeuge in verschiedenen Situationen \u00fcberpr\u00fcft.<\/p>\n\n\n\n<p>Das Wissen aus der Begleithundepr\u00fcfung ist auch sehr gut f\u00fcr den t\u00e4glichen Umgang mit ihrem Gef\u00e4hrten zu gebrauchen.<\/p>\n","protected":false},"excerpt":{"rendered":"<p>Die Begleitthunde-Pr\u00fcfung ist vorraussetzung f\u00fcr alle anderen Pr\u00fcfungen im Gebrauchshundesport sowie weiterer Pr\u00fcfungen im Hundesport. Die Begleithundepr\u00fcfung kann fr\u00fchesten ab einem Hundealter von 15 Monaten abgelegt werden. Die Pr\u00fcfung unterteilt sich in 3 Teile: 1.Theoretischer Teil: Hier wird Basiswissen zum Hund- zur Hundeausbildung abgefragt um die erforderliche Sachkunde nachzuweisen. 2.Unterordnung: Es muss ein bestimmtes Schema &hellip; <\/p>\n<p class=\"link-more\"><a href=\"https:\/\/xn--hundesportverein-mllheim-dtc.de\/index.php\/begleithundepruefung\/\" class=\"more-link\"><span class=\"screen-reader-text\">\u201eBegleithundepr\u00fcfung\u201c<\/span> weiterlesen<\/a><\/p>\n","protected":false},"author":2,"featured_media":0,"parent":0,"menu_order":0,"comment_status":"closed","ping_status":"closed","template":"","meta":{"footnotes":""},"class_list":["post-199","page","type-page","status-publish","hentry"],"_links":{"self":[{"href":"https:\/\/xn--hundesportverein-mllheim-dtc.de\/index.php\/wp-json\/wp\/v2\/pages\/199"}],"collection":[{"href":"https:\/\/xn--hundesportverein-mllheim-dtc.de\/index.php\/wp-json\/wp\/v2\/pages"}],"about":[{"href":"https:\/\/xn--hundesportverein-mllheim-dtc.de\/index.php\/wp-json\/wp\/v2\/types\/page"}],"author":[{"embeddable":true,"href":"https:\/\/xn--hundesportverein-mllheim-dtc.de\/index.php\/wp-json\/wp\/v2\/users\/2"}],"replies":[{"embeddable":true,"href":"https:\/\/xn--hundesportverein-mllheim-dtc.de\/index.php\/wp-json\/wp\/v2\/comments?post=199"}],"version-history":[{"count":3,"href":"https:\/\/xn--hundesportverein-mllheim-dtc.de\/index.php\/wp-json\/wp\/v2\/pages\/199\/revisions"}],"predecessor-version":[{"id":305,"href":"https:\/\/xn--hundesportverein-mllheim-dtc.de\/index.php\/wp-json\/wp\/v2\/pages\/199\/revisions\/305"}],"wp:attachment":[{"href":"https:\/\/xn--hundesportverein-mllheim-dtc.de\/index.php\/wp-json\/wp\/v2\/media?parent=199"}],"curies":[{"name":"wp","href":"https:\/\/api.w.org\/{rel}","templated":true}]}}