{"id":189,"date":"2019-01-08T19:23:43","date_gmt":"2019-01-08T19:23:43","guid":{"rendered":"http:\/\/xn--hundesportverein-mllheim-dtc.de\/?page_id=189"},"modified":"2026-04-19T15:35:54","modified_gmt":"2026-04-19T15:35:54","slug":"welpengruppe","status":"publish","type":"page","link":"https:\/\/xn--hundesportverein-mllheim-dtc.de\/index.php\/aktivitaeten\/welpengruppe\/","title":{"rendered":"Welpengruppe"},"content":{"rendered":"\n<div class=\"wp-block-columns is-layout-flex wp-container-core-columns-is-layout-1 wp-block-columns-is-layout-flex\">\n<div class=\"wp-block-column is-layout-flow wp-block-column-is-layout-flow\">\n<p><strong>Einstieg in die Welpengruppe ist jederzeit m\u00f6glich!<\/strong><\/p>\n\n\n\n<p>Nach der Anmeldung werden die Teilnehmenden in eine WhatsApp-Gruppe aufgenommen und w\u00e4hrend der gesamten Zeit von unserem Team bei Fragen rund um den Welpen begleitet und unterst\u00fctzt.<\/p>\n<\/div>\n\n\n\n<div class=\"wp-block-column is-layout-flow wp-block-column-is-layout-flow\">\n<ul class=\"wp-block-list\">\n<li><strong>Start der Welpengruppe: <\/strong><br><strong>jeden Samstag, ab 14.30 Uhr<\/strong><\/li>\n\n\n\n<li><strong>Quereinstieg jederzeit m\u00f6glich<\/strong><\/li>\n<\/ul>\n\n\n\n<p>Bei Interesse freuen wir uns \u00fcber Ihre Anmeldung per<br><strong>E-Mail:<\/strong>&nbsp;info@hundesportverein-m\u00fcllheim.de<br>oder&nbsp;<strong>Telefon:<\/strong>&nbsp;07635-9313<\/p>\n<\/div>\n<\/div>\n\n\n\n<figure class=\"wp-block-image size-large\"><img loading=\"lazy\" decoding=\"async\" width=\"876\" height=\"1024\" src=\"https:\/\/xn--hundesportverein-mllheim-dtc.de\/wp-content\/uploads\/2026\/04\/WhatsApp-Image-2026-04-19-at-14.29.08-876x1024.jpeg\" alt=\"\" class=\"wp-image-578\" srcset=\"https:\/\/xn--hundesportverein-mllheim-dtc.de\/wp-content\/uploads\/2026\/04\/WhatsApp-Image-2026-04-19-at-14.29.08-876x1024.jpeg 876w, https:\/\/xn--hundesportverein-mllheim-dtc.de\/wp-content\/uploads\/2026\/04\/WhatsApp-Image-2026-04-19-at-14.29.08-257x300.jpeg 257w, https:\/\/xn--hundesportverein-mllheim-dtc.de\/wp-content\/uploads\/2026\/04\/WhatsApp-Image-2026-04-19-at-14.29.08-768x898.jpeg 768w, https:\/\/xn--hundesportverein-mllheim-dtc.de\/wp-content\/uploads\/2026\/04\/WhatsApp-Image-2026-04-19-at-14.29.08-1314x1536.jpeg 1314w, https:\/\/xn--hundesportverein-mllheim-dtc.de\/wp-content\/uploads\/2026\/04\/WhatsApp-Image-2026-04-19-at-14.29.08-510x596.jpeg 510w, https:\/\/xn--hundesportverein-mllheim-dtc.de\/wp-content\/uploads\/2026\/04\/WhatsApp-Image-2026-04-19-at-14.29.08.jpeg 1369w\" sizes=\"(max-width: 767px) 89vw, (max-width: 1000px) 54vw, (max-width: 1071px) 543px, 580px\" \/><\/figure>\n\n\n\n<hr class=\"wp-block-separator has-alpha-channel-opacity\"\/>\n\n\n\n<div class=\"wp-block-columns has-2-columns is-layout-flex wp-container-core-columns-is-layout-2 wp-block-columns-is-layout-flex\">\n<div class=\"wp-block-column is-layout-flow wp-block-column-is-layout-flow\">\n<p>Bereits im Welpenalter werden die Grundlagen f\u00fcr die erfolgreiche Erziehung des neuen Familienmitgliedes gelegt.  <br> Wenn der Welpe bei ihnen im Alter von ca. 8 Wochen einzieht, befindet er sich in einer seiner wichtigsten Entwicklungsphasen, der Sozialisierungsphase. In dieser Zeit werden die Grundlagen f\u00fcr ein erfolgreiches miteinander gelegt. <\/p>\n\n\n\n<p>In der Welpengruppe wird die Mensch-Hund-Beziehung spielerisch gef\u00f6rdert und Gemeinsam werden neue Herausforderungen bew\u00e4ltigt. <br> Der Welpe lernt mit neuen Reizen und Umwelteinfl\u00fcssen umzugehen und erlangt  Soziale Kompetenzen im Umgang mit anderen Hunden.<\/p>\n\n\n\n<p>Die Besitzer erfahren in kleiner Runde Wissenswertes zum Thema Hund. Wie setzt man Kommandos so um, dass der Hund sie auch versteht? Was ist zu tun, wenn der Hund sich weigert, weiter zu gehen. <br> Solche Fragen werden mit Fachwissen, Tipps und auch mit \u00dcbungen beantwortet.<\/p>\n\n\n\n<p>Zur Teilnahme sollte der Welpe bereits seine 1. Impfung haben und Haftpflichtversichert sein. <\/p>\n\n\n\n<p>Bitte bringen sie eine normale Leine, Leckerlies und evtl. ein Lieblinspielzeug zum Training mit.<\/p>\n\n\n\n<p>Geben sie ihrem Hund vor dem Training die M\u00f6glichkeit sich zu entleeren.<\/p>\n\n\n\n<p>Sollten sie noch Fragen haben, k\u00f6nnen sie sich jederzeit an uns wenden. <br><br><a href=\"http:\/\/xn--hundesportverein-mllheim-dtc.de\/index.php\/kontakt\/\">Kontakt<\/a><br><br>Die aktuellen \u00dcbungszeiten der Welpengruppe sind Samstags ab 14:30 Uhr.<\/p>\n<\/div>\n<\/div>\n\n\n\n<hr class=\"wp-block-separator has-alpha-channel-opacity\"\/>\n\n\n\n<figure class=\"wp-block-video\"><video autoplay controls loop muted preload=\"auto\" src=\"http:\/\/xn--hundesportverein-mllheim-dtc.de\/wp-content\/uploads\/2026\/01\/WhatsApp-Video-2026-01-18-at-12.45.33.mp4\"><\/video><\/figure>\n\n\n\n<p>Die neuen Attraktionen wurden von unseren Welpen souver\u00e4n gemeistert &#8230;<\/p>\n\n\n\n<figure class=\"wp-block-gallery has-nested-images columns-default is-cropped wp-block-gallery-1 is-layout-flex wp-block-gallery-is-layout-flex\">\n<figure class=\"wp-block-image size-large\"><img loading=\"lazy\" decoding=\"async\" width=\"1024\" height=\"626\" data-id=\"545\" src=\"https:\/\/xn--hundesportverein-mllheim-dtc.de\/wp-content\/uploads\/2025\/12\/Welpengruppe-1-1024x626.jpg\" alt=\"\" class=\"wp-image-545\" srcset=\"https:\/\/xn--hundesportverein-mllheim-dtc.de\/wp-content\/uploads\/2025\/12\/Welpengruppe-1-1024x626.jpg 1024w, https:\/\/xn--hundesportverein-mllheim-dtc.de\/wp-content\/uploads\/2025\/12\/Welpengruppe-1-300x183.jpg 300w, https:\/\/xn--hundesportverein-mllheim-dtc.de\/wp-content\/uploads\/2025\/12\/Welpengruppe-1-768x469.jpg 768w, https:\/\/xn--hundesportverein-mllheim-dtc.de\/wp-content\/uploads\/2025\/12\/Welpengruppe-1-510x312.jpg 510w, https:\/\/xn--hundesportverein-mllheim-dtc.de\/wp-content\/uploads\/2025\/12\/Welpengruppe-1.jpg 1082w\" sizes=\"(max-width: 767px) 89vw, (max-width: 1000px) 54vw, (max-width: 1071px) 543px, 580px\" \/><\/figure>\n\n\n\n<figure class=\"wp-block-image size-large\"><img loading=\"lazy\" decoding=\"async\" width=\"1024\" height=\"626\" data-id=\"546\" src=\"https:\/\/xn--hundesportverein-mllheim-dtc.de\/wp-content\/uploads\/2025\/12\/Welpengruppe-3-1024x626.jpg\" alt=\"\" class=\"wp-image-546\" srcset=\"https:\/\/xn--hundesportverein-mllheim-dtc.de\/wp-content\/uploads\/2025\/12\/Welpengruppe-3-1024x626.jpg 1024w, https:\/\/xn--hundesportverein-mllheim-dtc.de\/wp-content\/uploads\/2025\/12\/Welpengruppe-3-300x183.jpg 300w, https:\/\/xn--hundesportverein-mllheim-dtc.de\/wp-content\/uploads\/2025\/12\/Welpengruppe-3-768x469.jpg 768w, https:\/\/xn--hundesportverein-mllheim-dtc.de\/wp-content\/uploads\/2025\/12\/Welpengruppe-3-510x312.jpg 510w, https:\/\/xn--hundesportverein-mllheim-dtc.de\/wp-content\/uploads\/2025\/12\/Welpengruppe-3.jpg 1082w\" sizes=\"(max-width: 767px) 89vw, (max-width: 1000px) 54vw, (max-width: 1071px) 543px, 580px\" \/><\/figure>\n\n\n\n<figure class=\"wp-block-image size-large\"><img loading=\"lazy\" decoding=\"async\" width=\"1024\" height=\"626\" data-id=\"547\" src=\"https:\/\/xn--hundesportverein-mllheim-dtc.de\/wp-content\/uploads\/2025\/12\/Welpengruppe-2-1024x626.jpg\" alt=\"\" class=\"wp-image-547\" srcset=\"https:\/\/xn--hundesportverein-mllheim-dtc.de\/wp-content\/uploads\/2025\/12\/Welpengruppe-2-1024x626.jpg 1024w, https:\/\/xn--hundesportverein-mllheim-dtc.de\/wp-content\/uploads\/2025\/12\/Welpengruppe-2-300x183.jpg 300w, https:\/\/xn--hundesportverein-mllheim-dtc.de\/wp-content\/uploads\/2025\/12\/Welpengruppe-2-768x469.jpg 768w, https:\/\/xn--hundesportverein-mllheim-dtc.de\/wp-content\/uploads\/2025\/12\/Welpengruppe-2-510x312.jpg 510w, https:\/\/xn--hundesportverein-mllheim-dtc.de\/wp-content\/uploads\/2025\/12\/Welpengruppe-2.jpg 1082w\" sizes=\"(max-width: 767px) 89vw, (max-width: 1000px) 54vw, (max-width: 1071px) 543px, 580px\" \/><\/figure>\n<\/figure>\n\n\n\n<p>Impressionen vom ersten Samstag der neuen Welpengruppe, Januar 2026<\/p>\n\n\n\n<figure class=\"wp-block-gallery has-nested-images columns-default is-cropped wp-block-gallery-2 is-layout-flex wp-block-gallery-is-layout-flex\">\n<figure class=\"wp-block-image size-large\"><img loading=\"lazy\" decoding=\"async\" width=\"576\" height=\"1024\" data-id=\"561\" src=\"https:\/\/xn--hundesportverein-mllheim-dtc.de\/wp-content\/uploads\/2026\/02\/WhatsApp-Image-2026-02-07-at-21.43.34-576x1024.jpeg\" alt=\"\" class=\"wp-image-561\" srcset=\"https:\/\/xn--hundesportverein-mllheim-dtc.de\/wp-content\/uploads\/2026\/02\/WhatsApp-Image-2026-02-07-at-21.43.34-576x1024.jpeg 576w, https:\/\/xn--hundesportverein-mllheim-dtc.de\/wp-content\/uploads\/2026\/02\/WhatsApp-Image-2026-02-07-at-21.43.34-169x300.jpeg 169w, https:\/\/xn--hundesportverein-mllheim-dtc.de\/wp-content\/uploads\/2026\/02\/WhatsApp-Image-2026-02-07-at-21.43.34-768x1366.jpeg 768w, https:\/\/xn--hundesportverein-mllheim-dtc.de\/wp-content\/uploads\/2026\/02\/WhatsApp-Image-2026-02-07-at-21.43.34-864x1536.jpeg 864w, https:\/\/xn--hundesportverein-mllheim-dtc.de\/wp-content\/uploads\/2026\/02\/WhatsApp-Image-2026-02-07-at-21.43.34-510x907.jpeg 510w, https:\/\/xn--hundesportverein-mllheim-dtc.de\/wp-content\/uploads\/2026\/02\/WhatsApp-Image-2026-02-07-at-21.43.34.jpeg 899w\" sizes=\"(max-width: 576px) 100vw, 576px\" \/><\/figure>\n\n\n\n<figure class=\"wp-block-image size-large\"><img loading=\"lazy\" decoding=\"async\" width=\"576\" height=\"1024\" data-id=\"562\" src=\"https:\/\/xn--hundesportverein-mllheim-dtc.de\/wp-content\/uploads\/2026\/02\/WhatsApp-Image-2026-02-07-at-21.44.01-576x1024.jpeg\" alt=\"\" class=\"wp-image-562\" srcset=\"https:\/\/xn--hundesportverein-mllheim-dtc.de\/wp-content\/uploads\/2026\/02\/WhatsApp-Image-2026-02-07-at-21.44.01-576x1024.jpeg 576w, https:\/\/xn--hundesportverein-mllheim-dtc.de\/wp-content\/uploads\/2026\/02\/WhatsApp-Image-2026-02-07-at-21.44.01-169x300.jpeg 169w, https:\/\/xn--hundesportverein-mllheim-dtc.de\/wp-content\/uploads\/2026\/02\/WhatsApp-Image-2026-02-07-at-21.44.01-768x1366.jpeg 768w, https:\/\/xn--hundesportverein-mllheim-dtc.de\/wp-content\/uploads\/2026\/02\/WhatsApp-Image-2026-02-07-at-21.44.01-864x1536.jpeg 864w, https:\/\/xn--hundesportverein-mllheim-dtc.de\/wp-content\/uploads\/2026\/02\/WhatsApp-Image-2026-02-07-at-21.44.01-510x907.jpeg 510w, https:\/\/xn--hundesportverein-mllheim-dtc.de\/wp-content\/uploads\/2026\/02\/WhatsApp-Image-2026-02-07-at-21.44.01.jpeg 899w\" sizes=\"(max-width: 576px) 100vw, 576px\" \/><\/figure>\n<\/figure>\n\n\n\n<p>Training und Spielen bei Sonnenschein<\/p>\n","protected":false},"excerpt":{"rendered":"<p>Einstieg in die Welpengruppe ist jederzeit m\u00f6glich! Nach der Anmeldung werden die Teilnehmenden in eine WhatsApp-Gruppe aufgenommen und w\u00e4hrend der gesamten Zeit von unserem Team bei Fragen rund um den Welpen begleitet und unterst\u00fctzt. Bei Interesse freuen wir uns \u00fcber Ihre Anmeldung perE-Mail:&nbsp;info@hundesportverein-m\u00fcllheim.deoder&nbsp;Telefon:&nbsp;07635-9313 Bereits im Welpenalter werden die Grundlagen f\u00fcr die erfolgreiche Erziehung des neuen &hellip; <\/p>\n<p class=\"link-more\"><a href=\"https:\/\/xn--hundesportverein-mllheim-dtc.de\/index.php\/aktivitaeten\/welpengruppe\/\" class=\"more-link\"><span class=\"screen-reader-text\">\u201eWelpengruppe\u201c<\/span> weiterlesen<\/a><\/p>\n","protected":false},"author":2,"featured_media":0,"parent":170,"menu_order":0,"comment_status":"closed","ping_status":"closed","template":"","meta":{"footnotes":""},"class_list":["post-189","page","type-page","status-publish","hentry"],"_links":{"self":[{"href":"https:\/\/xn--hundesportverein-mllheim-dtc.de\/index.php\/wp-json\/wp\/v2\/pages\/189"}],"collection":[{"href":"https:\/\/xn--hundesportverein-mllheim-dtc.de\/index.php\/wp-json\/wp\/v2\/pages"}],"about":[{"href":"https:\/\/xn--hundesportverein-mllheim-dtc.de\/index.php\/wp-json\/wp\/v2\/types\/page"}],"author":[{"embeddable":true,"href":"https:\/\/xn--hundesportverein-mllheim-dtc.de\/index.php\/wp-json\/wp\/v2\/users\/2"}],"replies":[{"embeddable":true,"href":"https:\/\/xn--hundesportverein-mllheim-dtc.de\/index.php\/wp-json\/wp\/v2\/comments?post=189"}],"version-history":[{"count":20,"href":"https:\/\/xn--hundesportverein-mllheim-dtc.de\/index.php\/wp-json\/wp\/v2\/pages\/189\/revisions"}],"predecessor-version":[{"id":580,"href":"https:\/\/xn--hundesportverein-mllheim-dtc.de\/index.php\/wp-json\/wp\/v2\/pages\/189\/revisions\/580"}],"up":[{"embeddable":true,"href":"https:\/\/xn--hundesportverein-mllheim-dtc.de\/index.php\/wp-json\/wp\/v2\/pages\/170"}],"wp:attachment":[{"href":"https:\/\/xn--hundesportverein-mllheim-dtc.de\/index.php\/wp-json\/wp\/v2\/media?parent=189"}],"curies":[{"name":"wp","href":"https:\/\/api.w.org\/{rel}","templated":true}]}}