{"id":170,"date":"2019-01-08T18:41:04","date_gmt":"2019-01-08T18:41:04","guid":{"rendered":"http:\/\/xn--hundesportverein-mllheim-dtc.de\/?page_id=170"},"modified":"2019-01-12T12:20:17","modified_gmt":"2019-01-12T12:20:17","slug":"aktivitaeten","status":"publish","type":"page","link":"https:\/\/xn--hundesportverein-mllheim-dtc.de\/index.php\/aktivitaeten\/","title":{"rendered":"Aktivit\u00e4ten"},"content":{"rendered":"\n<div class=\"wp-block-columns has-2-columns is-layout-flex wp-container-core-columns-is-layout-1 wp-block-columns-is-layout-flex\">\n<div class=\"wp-block-column is-layout-flow wp-block-column-is-layout-flow\">\n<div class=\"wp-block-image\"><figure class=\"alignright is-resized\"><img loading=\"lazy\" decoding=\"async\" src=\"http:\/\/xn--hundesportverein-mllheim-dtc.de\/wp-content\/uploads\/2019\/01\/Welpengr-2-beschn.jpg\" alt=\"\" class=\"wp-image-271\" width=\"173\" height=\"159\" srcset=\"https:\/\/xn--hundesportverein-mllheim-dtc.de\/wp-content\/uploads\/2019\/01\/Welpengr-2-beschn.jpg 353w, https:\/\/xn--hundesportverein-mllheim-dtc.de\/wp-content\/uploads\/2019\/01\/Welpengr-2-beschn-300x277.jpg 300w\" sizes=\"(max-width: 173px) 100vw, 173px\" \/><\/figure><\/div>\n<\/div>\n\n\n\n<div class=\"wp-block-column is-layout-flow wp-block-column-is-layout-flow\">\n<p><strong><a href=\"http:\/\/xn--hundesportverein-mllheim-dtc.de\/index.php\/aktivitaeten\/welpengruppe\/\">Welpengruppe<\/a><\/strong><\/p>\n\n\n\n<p>Umgang mit neuen Umwelteinfl\u00fcssen und Sozialisierung<\/p>\n<\/div>\n<\/div>\n\n\n\n<div class=\"wp-block-columns has-2-columns is-layout-flex wp-container-core-columns-is-layout-2 wp-block-columns-is-layout-flex\">\n<div class=\"wp-block-column is-layout-flow wp-block-column-is-layout-flow\">\n<div class=\"wp-block-image\"><figure class=\"alignright is-resized\"><img loading=\"lazy\" decoding=\"async\" src=\"http:\/\/xn--hundesportverein-mllheim-dtc.de\/wp-content\/uploads\/2019\/01\/Basistra.jpg\" alt=\"\" class=\"wp-image-269\" width=\"166\" height=\"167\" srcset=\"https:\/\/xn--hundesportverein-mllheim-dtc.de\/wp-content\/uploads\/2019\/01\/Basistra.jpg 501w, https:\/\/xn--hundesportverein-mllheim-dtc.de\/wp-content\/uploads\/2019\/01\/Basistra-150x150.jpg 150w, https:\/\/xn--hundesportverein-mllheim-dtc.de\/wp-content\/uploads\/2019\/01\/Basistra-300x300.jpg 300w, https:\/\/xn--hundesportverein-mllheim-dtc.de\/wp-content\/uploads\/2019\/01\/Basistra-100x100.jpg 100w\" sizes=\"(max-width: 166px) 100vw, 166px\" \/><\/figure><\/div>\n<\/div>\n\n\n\n<div class=\"wp-block-column is-layout-flow wp-block-column-is-layout-flow\">\n<p><strong><a href=\"http:\/\/xn--hundesportverein-mllheim-dtc.de\/index.php\/basistraining\/\">Basistraining, Grundgehorsam<\/a><\/strong><\/p>\n\n\n\n<p>Grundkommandos, Leinenf\u00fchrigkeit und Unbefangenheit<\/p>\n<\/div>\n<\/div>\n\n\n\n<div class=\"wp-block-columns has-2-columns is-layout-flex wp-container-core-columns-is-layout-3 wp-block-columns-is-layout-flex\">\n<div class=\"wp-block-column is-layout-flow wp-block-column-is-layout-flow\">\n<div class=\"wp-block-image\"><figure class=\"alignright is-resized\"><img loading=\"lazy\" decoding=\"async\" src=\"http:\/\/xn--hundesportverein-mllheim-dtc.de\/wp-content\/uploads\/2019\/01\/begleit.jpg\" alt=\"\" class=\"wp-image-270\" width=\"172\" height=\"149\" srcset=\"https:\/\/xn--hundesportverein-mllheim-dtc.de\/wp-content\/uploads\/2019\/01\/begleit.jpg 501w, https:\/\/xn--hundesportverein-mllheim-dtc.de\/wp-content\/uploads\/2019\/01\/begleit-300x261.jpg 300w\" sizes=\"(max-width: 172px) 100vw, 172px\" \/><\/figure><\/div>\n<\/div>\n\n\n\n<div class=\"wp-block-column is-layout-flow wp-block-column-is-layout-flow\">\n<p><strong><a href=\"http:\/\/xn--hundesportverein-mllheim-dtc.de\/index.php\/begleithundepruefung\/\">Begleithunde<\/a><\/strong><\/p>\n\n\n\n<p>Vorbereitung zur Begleithundepr\u00fcfung<\/p>\n<\/div>\n<\/div>\n","protected":false},"excerpt":{"rendered":"<p>Welpengruppe Umgang mit neuen Umwelteinfl\u00fcssen und Sozialisierung Basistraining, Grundgehorsam Grundkommandos, Leinenf\u00fchrigkeit und Unbefangenheit Begleithunde Vorbereitung zur Begleithundepr\u00fcfung<\/p>\n","protected":false},"author":2,"featured_media":0,"parent":0,"menu_order":0,"comment_status":"closed","ping_status":"closed","template":"","meta":{"footnotes":""},"class_list":["post-170","page","type-page","status-publish","hentry"],"_links":{"self":[{"href":"https:\/\/xn--hundesportverein-mllheim-dtc.de\/index.php\/wp-json\/wp\/v2\/pages\/170"}],"collection":[{"href":"https:\/\/xn--hundesportverein-mllheim-dtc.de\/index.php\/wp-json\/wp\/v2\/pages"}],"about":[{"href":"https:\/\/xn--hundesportverein-mllheim-dtc.de\/index.php\/wp-json\/wp\/v2\/types\/page"}],"author":[{"embeddable":true,"href":"https:\/\/xn--hundesportverein-mllheim-dtc.de\/index.php\/wp-json\/wp\/v2\/users\/2"}],"replies":[{"embeddable":true,"href":"https:\/\/xn--hundesportverein-mllheim-dtc.de\/index.php\/wp-json\/wp\/v2\/comments?post=170"}],"version-history":[{"count":3,"href":"https:\/\/xn--hundesportverein-mllheim-dtc.de\/index.php\/wp-json\/wp\/v2\/pages\/170\/revisions"}],"predecessor-version":[{"id":272,"href":"https:\/\/xn--hundesportverein-mllheim-dtc.de\/index.php\/wp-json\/wp\/v2\/pages\/170\/revisions\/272"}],"wp:attachment":[{"href":"https:\/\/xn--hundesportverein-mllheim-dtc.de\/index.php\/wp-json\/wp\/v2\/media?parent=170"}],"curies":[{"name":"wp","href":"https:\/\/api.w.org\/{rel}","templated":true}]}}